{"id":9,"date":"2023-09-03T23:15:54","date_gmt":"2023-09-03T21:15:54","guid":{"rendered":"http:\/\/lestapies.fr\/?page_id=9"},"modified":"2025-01-22T22:21:52","modified_gmt":"2025-01-22T21:21:52","slug":"contact","status":"publish","type":"page","link":"https:\/\/lestapies.fr\/index.php\/contact\/","title":{"rendered":"Info"},"content":{"rendered":"\n<p>Situ\u00e9es \u00e0 2 km du village d\u2019Agen-d\u2019Aveyron, les Chambres d\u2019h\u00f4tes Les Tapies vous accueillent dans une demeure de caract\u00e8re datant de 1862 situ\u00e9e dans un parc de 1 hectare et pourvue de mobilier ancien. Elle dispose d\u2019une piscine ext\u00e9rieure et d\u2019une connexion Wi-Fi gratuites. Les chambres comprennent une salle de bains dot\u00e9e d\u2019une douche, de toilettes, d\u2019un s\u00e8che-cheveux et d\u2019articles de toilette gratuits. Certaines sont \u00e9quip\u00e9es d\u2019une t\u00e9l\u00e9vision tandis que d\u2019autres offrent une vue sur la cour ou sur le parc. Le petit-d\u00e9jeuner est compos\u00e9 de confitures et de g\u00e2teaux faits maison, de jus d\u2019orange fra\u00eechement press\u00e9, de pain, de yaourts, de fruits et de boissons chaudes. De Juillet \u00e0 Ao\u00fbt, l&#8217;\u00e9tablissement vous propose des tables d&#8217;h\u00f4tes sur r\u00e9servation. Vous trouverez \u00e9galement des restaurants \u00e0 Rodez, \u00e0 8 km. Vous pourrez aussi faire du cano\u00eb dans les gorges du Tarn, \u00e0 45 km. Le village m\u00e9di\u00e9val de Conques se situe \u00e0 45 km et le stationnement est gratuit \u00e0 l\u2019\u00e9tablissement.<\/p>\n\n\n\n<div class=\"wp-block-group has-global-padding is-layout-constrained wp-block-group-is-layout-constrained\">\n<p><strong>Ses points forts<\/strong><\/p>\n\n\n\n<ul class=\"wp-block-list\">\n<li>Piscine ext\u00e9rieure<\/li>\n\n\n\n<li>Parking gratuit<\/li>\n\n\n\n<li>Connexion Wi-Fi gratuite<\/li>\n\n\n\n<li>Chambres non-fumeurs<\/li>\n<\/ul>\n\n\n\n<p><strong>Tarifs<\/strong><\/p>\n\n\n\n<ul class=\"wp-block-list\">\n<li>Chambre double: 100\u20ac\/jour<\/li>\n\n\n\n<li>Chambre double confort: 100\u20ac\/jour<\/li>\n\n\n\n<li>Suite: 100\u20ac\/jour<\/li>\n\n\n\n<li>Chambre double confort sup\u00e9rieur: 100\u20ac\/jour<\/li>\n<\/ul>\n\n\n\n<p><strong>Minimum de 2 nuit\u00e9es<\/strong><\/p>\n\n\n\n<p><strong>Arriv\u00e9e de 17h00 \u00e0 22h00<\/strong><\/p>\n\n\n\n<p><strong>D\u00e9part de 8h00 \u00e0 11h00<\/strong><\/p>\n\n\n\n<p><\/p>\n\n\n\n<p><strong>Conditions relatives aux lits d&#8217;appoint<\/strong><\/p>\n\n\n\n<ul class=\"wp-block-list\">\n<li>Plus de 3 ans<\/li>\n\n\n\n<li>Lit d&#8217;appoint sur demande<\/li>\n\n\n\n<li>\u20ac&nbsp;40 par personne et par nuit<\/li>\n<\/ul>\n\n\n\n<p><strong>Autres<\/strong><\/p>\n\n\n\n<ul class=\"wp-block-list\">\n<li>Cet h\u00e9bergement est non-fumeurs.<\/li>\n\n\n\n<li>Les f\u00eates\/\u00e9v\u00e9nements ne sont pas autoris\u00e9s.<\/li>\n\n\n\n<li>Les clients doivent \u00e9viter de faire du bruit entre 23h00 et 8h00.<\/li>\n\n\n\n<li>Les animaux de compagnie ne sont pas admis au sein de l&#8217;\u00e9tablissement.<\/li>\n<\/ul>\n<\/div>\n","protected":false},"excerpt":{"rendered":"<p>Situ\u00e9es \u00e0 2 km du village d\u2019Agen-d\u2019Aveyron, les Chambres d\u2019h\u00f4tes Les Tapies vous accueillent dans une demeure de caract\u00e8re datant de 1862 situ\u00e9e dans un parc de 1 hectare et pourvue de mobilier ancien. Elle dispose d\u2019une piscine ext\u00e9rieure et d\u2019une connexion Wi-Fi gratuites. Les chambres comprennent une salle de bains dot\u00e9e d\u2019une douche, de &hellip; <\/p>\n<p class=\"link-more\"><a href=\"https:\/\/lestapies.fr\/index.php\/contact\/\" class=\"more-link\">Read more<span class=\"screen-reader-text\"> &#8220;Info&#8221;<\/span><\/a><\/p>\n","protected":false},"author":1,"featured_media":0,"parent":0,"menu_order":0,"comment_status":"closed","ping_status":"closed","template":"","meta":{"inspiro_hide_title":false,"footnotes":""},"class_list":["post-9","page","type-page","status-publish","hentry"],"featured_media_urls":[],"_links":{"self":[{"href":"https:\/\/lestapies.fr\/index.php\/wp-json\/wp\/v2\/pages\/9","targetHints":{"allow":["GET"]}}],"collection":[{"href":"https:\/\/lestapies.fr\/index.php\/wp-json\/wp\/v2\/pages"}],"about":[{"href":"https:\/\/lestapies.fr\/index.php\/wp-json\/wp\/v2\/types\/page"}],"author":[{"embeddable":true,"href":"https:\/\/lestapies.fr\/index.php\/wp-json\/wp\/v2\/users\/1"}],"replies":[{"embeddable":true,"href":"https:\/\/lestapies.fr\/index.php\/wp-json\/wp\/v2\/comments?post=9"}],"version-history":[{"count":13,"href":"https:\/\/lestapies.fr\/index.php\/wp-json\/wp\/v2\/pages\/9\/revisions"}],"predecessor-version":[{"id":324,"href":"https:\/\/lestapies.fr\/index.php\/wp-json\/wp\/v2\/pages\/9\/revisions\/324"}],"wp:attachment":[{"href":"https:\/\/lestapies.fr\/index.php\/wp-json\/wp\/v2\/media?parent=9"}],"curies":[{"name":"wp","href":"https:\/\/api.w.org\/{rel}","templated":true}]}}