{"id":292,"date":"2023-09-07T21:15:48","date_gmt":"2023-09-07T19:15:48","guid":{"rendered":"https:\/\/lestapies.fr\/?page_id=292"},"modified":"2025-01-22T22:21:06","modified_gmt":"2025-01-22T21:21:06","slug":"chambre-double-2","status":"publish","type":"page","link":"https:\/\/lestapies.fr\/index.php\/chambre-double-2\/","title":{"rendered":"Chambre double"},"content":{"rendered":"\n<h2 class=\"wp-block-heading\">Photos<\/h2>\n\n\n\n<div class=\"wp-block-columns alignwide is-layout-flex wp-container-core-columns-is-layout-28f84493 wp-block-columns-is-layout-flex\">\n<div class=\"wp-block-column is-layout-flow wp-block-column-is-layout-flow\">\n<figure class=\"wp-block-image size-large\"><img loading=\"lazy\" decoding=\"async\" width=\"1024\" height=\"768\" src=\"http:\/\/lestapies.fr\/wp-content\/uploads\/2023\/09\/IMG_1067-1-1024x768.jpg\" alt=\"Chambre double\" class=\"wp-image-68\" srcset=\"https:\/\/lestapies.fr\/wp-content\/uploads\/2023\/09\/IMG_1067-1-1024x768.jpg 1024w, https:\/\/lestapies.fr\/wp-content\/uploads\/2023\/09\/IMG_1067-1-300x225.jpg 300w, https:\/\/lestapies.fr\/wp-content\/uploads\/2023\/09\/IMG_1067-1-768x576.jpg 768w, https:\/\/lestapies.fr\/wp-content\/uploads\/2023\/09\/IMG_1067-1-1536x1152.jpg 1536w, https:\/\/lestapies.fr\/wp-content\/uploads\/2023\/09\/IMG_1067-1-2048x1536.jpg 2048w, https:\/\/lestapies.fr\/wp-content\/uploads\/2023\/09\/IMG_1067-1-2000x1500.jpg 2000w, https:\/\/lestapies.fr\/wp-content\/uploads\/2023\/09\/IMG_1067-1-600x450.jpg 600w, https:\/\/lestapies.fr\/wp-content\/uploads\/2023\/09\/IMG_1067-1-1200x900.jpg 1200w\" sizes=\"auto, (max-width: 1024px) 100vw, 1024px\" \/><\/figure>\n\n\n\n<p class=\"has-black-color has-text-color has-medium-font-size\">Lit double<\/p>\n\n\n\n<p class=\"has-text-color\" style=\"color:#7a7a7a\">Literie en 160cm<\/p>\n<\/div>\n\n\n\n<div class=\"wp-block-column is-layout-flow wp-block-column-is-layout-flow\">\n<figure class=\"wp-block-image size-large\"><img loading=\"lazy\" decoding=\"async\" width=\"1024\" height=\"768\" src=\"http:\/\/lestapies.fr\/wp-content\/uploads\/2023\/09\/IMG_1069-1024x768.jpg\" alt=\"\" class=\"wp-image-70\" srcset=\"https:\/\/lestapies.fr\/wp-content\/uploads\/2023\/09\/IMG_1069-1024x768.jpg 1024w, https:\/\/lestapies.fr\/wp-content\/uploads\/2023\/09\/IMG_1069-300x225.jpg 300w, https:\/\/lestapies.fr\/wp-content\/uploads\/2023\/09\/IMG_1069-768x576.jpg 768w, https:\/\/lestapies.fr\/wp-content\/uploads\/2023\/09\/IMG_1069-1536x1152.jpg 1536w, https:\/\/lestapies.fr\/wp-content\/uploads\/2023\/09\/IMG_1069-2048x1536.jpg 2048w, https:\/\/lestapies.fr\/wp-content\/uploads\/2023\/09\/IMG_1069-2000x1500.jpg 2000w, https:\/\/lestapies.fr\/wp-content\/uploads\/2023\/09\/IMG_1069-600x450.jpg 600w, https:\/\/lestapies.fr\/wp-content\/uploads\/2023\/09\/IMG_1069-1200x900.jpg 1200w\" sizes=\"auto, (max-width: 1024px) 100vw, 1024px\" \/><\/figure>\n\n\n\n<p class=\"has-black-color has-text-color has-medium-font-size\">Chambre spacieuse<\/p>\n\n\n\n<p class=\"has-text-color\" style=\"color:#7a7a7a\">de 20m2<\/p>\n<\/div>\n\n\n\n<div class=\"wp-block-column is-layout-flow wp-block-column-is-layout-flow\">\n<figure class=\"wp-block-image size-large\"><img loading=\"lazy\" decoding=\"async\" width=\"1024\" height=\"768\" src=\"http:\/\/lestapies.fr\/wp-content\/uploads\/2023\/09\/IMG_1071-1024x768.jpg\" alt=\"\" class=\"wp-image-72\" srcset=\"https:\/\/lestapies.fr\/wp-content\/uploads\/2023\/09\/IMG_1071-1024x768.jpg 1024w, https:\/\/lestapies.fr\/wp-content\/uploads\/2023\/09\/IMG_1071-300x225.jpg 300w, https:\/\/lestapies.fr\/wp-content\/uploads\/2023\/09\/IMG_1071-768x576.jpg 768w, https:\/\/lestapies.fr\/wp-content\/uploads\/2023\/09\/IMG_1071-1536x1152.jpg 1536w, https:\/\/lestapies.fr\/wp-content\/uploads\/2023\/09\/IMG_1071-2048x1536.jpg 2048w, https:\/\/lestapies.fr\/wp-content\/uploads\/2023\/09\/IMG_1071-2000x1500.jpg 2000w, https:\/\/lestapies.fr\/wp-content\/uploads\/2023\/09\/IMG_1071-600x450.jpg 600w, https:\/\/lestapies.fr\/wp-content\/uploads\/2023\/09\/IMG_1071-1200x900.jpg 1200w\" sizes=\"auto, (max-width: 1024px) 100vw, 1024px\" \/><\/figure>\n\n\n\n<p class=\"has-black-color has-text-color has-medium-font-size\">Salle de bain<\/p>\n\n\n\n<p class=\"has-text-color\" style=\"color:#7a7a7a\">Privative<\/p>\n<\/div>\n<\/div>\n\n\n\n<div class=\"wp-block-cover alignwide is-light\"><span aria-hidden=\"true\" class=\"wp-block-cover__background has-background-dim-0 has-background-dim\"><\/span><video class=\"wp-block-cover__video-background intrinsic-ignore\" autoplay muted loop playsinline src=\"http:\/\/lestapies.fr\/wp-content\/uploads\/2023\/09\/double-chambre.mov\" data-object-fit=\"cover\"><\/video><div class=\"wp-block-cover__inner-container is-layout-flow wp-block-cover-is-layout-flow\">\n<p class=\"has-text-align-center has-large-font-size\"><\/p>\n<\/div><\/div>\n\n\n\n<p><strong>Ses points forts<\/strong><\/p>\n\n\n\n<ul class=\"wp-block-list\">\n<li>Piscine ext\u00e9rieure<\/li>\n\n\n\n<li>Parking gratuit<\/li>\n\n\n\n<li>Connexion Wi-Fi gratuite<\/li>\n\n\n\n<li>Chambres non-fumeurs<\/li>\n<\/ul>\n\n\n<p><!-- \/wp:post-content --><!-- wp:paragraph --><\/p>\n<p><strong>Tarifs<\/strong>: 100 \u20ac\/jour<\/p>\n<p><strong>Minimum de 2 nuit\u00e9es<\/strong><\/p>\n<p><!-- \/wp:paragraph --><!-- wp:paragraph --><\/p>\n<p><strong>Arriv\u00e9e de 17h00 \u00e0 22h00<\/strong><\/p>\n<p><!-- \/wp:paragraph --><!-- wp:paragraph --><\/p>\n<p><strong>D\u00e9part de 8h00 \u00e0 11h00<\/strong><\/p>\n<p><!-- \/wp:paragraph --><!-- wp:paragraph --><\/p>\n<p><!-- \/wp:paragraph --><\/p>\n<p><!-- \/wp:list --><!-- wp:paragraph --><\/p>\n<p><strong>Conditions relative<\/strong><strong> aux lits d&#8217;appoint<\/strong><\/p>\n<p><!-- \/wp:paragraph --><!-- wp:list --><\/p>\n<ul>\n<li style=\"list-style-type: none;\">\n<ul><!-- wp:list-item -->\n<li>Plus de 3 ans<\/li>\n<\/ul>\n<\/li>\n<\/ul>\n<p><!-- \/wp:list-item --> <!-- wp:list-item --><\/p>\n<ul>\n<li style=\"list-style-type: none;\">\n<ul>\n<li>Lit d&#8217;appoint sur demande<\/li>\n<\/ul>\n<\/li>\n<\/ul>\n<p><!-- \/wp:list-item --> <!-- wp:list-item --><\/p>\n<ul>\n<li style=\"list-style-type: none;\">\n<ul>\n<li>\u20ac\u00a040 par personne et par nuit<\/li>\n<\/ul>\n<\/li>\n<\/ul>\n<p><!-- \/wp:list-item --><\/p>\n<p><!-- \/wp:list --><!-- wp:paragraph --><\/p>\n<p><strong>Autres<\/strong><\/p>\n<p><!-- \/wp:paragraph --><!-- wp:list --><\/p>\n<ul>\n<li style=\"list-style-type: none;\">\n<ul><!-- wp:list-item -->\n<li>Cet h\u00e9bergement est non-fumeurs.<\/li>\n<\/ul>\n<\/li>\n<\/ul>\n<p><!-- \/wp:list-item --> <!-- wp:list-item --><\/p>\n<ul>\n<li style=\"list-style-type: none;\">\n<ul>\n<li>Les f\u00eates\/\u00e9v\u00e9nements ne sont pas autoris\u00e9s.<\/li>\n<\/ul>\n<\/li>\n<\/ul>\n<p><!-- \/wp:list-item --> <!-- wp:list-item --><\/p>\n<ul>\n<li style=\"list-style-type: none;\">\n<ul>\n<li>Les clients doivent \u00e9viter de faire du bruit entre 23h00 et 8h00.<\/li>\n<\/ul>\n<\/li>\n<\/ul>\n<p><!-- \/wp:list-item --> <!-- wp:list-item --><\/p>\n<ul>\n<li style=\"list-style-type: none;\">\n<ul>\n<li>Les animaux de compagnie ne sont pas admis au sein de l&#8217;\u00e9tablissement.<\/li>\n<\/ul>\n<\/li>\n<\/ul>\n<p><!-- \/wp:list-item --><\/p>\n<p><!-- \/wp:list --><\/p>\n<p><!-- wp:block {\"ref\":79} \/--><\/p>\n<p><!-- wp:paragraph --><\/p>\n<p><!-- \/wp:paragraph --><\/p>","protected":false},"excerpt":{"rendered":"<p>Photos Lit double Literie en 160cm Chambre spacieuse de 20m2 Salle de bain Privative Ses points forts Tarifs: 100 \u20ac\/jour Minimum de 2 nuit\u00e9es Arriv\u00e9e de 17h00 \u00e0 22h00 D\u00e9part de 8h00 \u00e0 11h00 Conditions relative aux lits d&#8217;appoint Plus de 3 ans Lit d&#8217;appoint sur demande \u20ac\u00a040 par personne et par nuit Autres Cet &hellip; <\/p>\n<p class=\"link-more\"><a href=\"https:\/\/lestapies.fr\/index.php\/chambre-double-2\/\" class=\"more-link\">Read more<span class=\"screen-reader-text\"> &#8220;Chambre double&#8221;<\/span><\/a><\/p>\n","protected":false},"author":1,"featured_media":68,"parent":0,"menu_order":0,"comment_status":"closed","ping_status":"closed","template":"","meta":{"inspiro_hide_title":false,"footnotes":""},"class_list":["post-292","page","type-page","status-publish","has-post-thumbnail","hentry"],"featured_media_urls":{"thumbnail":["https:\/\/lestapies.fr\/wp-content\/uploads\/2023\/09\/IMG_1067-1-150x150.jpg",150,150,true],"medium":["https:\/\/lestapies.fr\/wp-content\/uploads\/2023\/09\/IMG_1067-1-300x225.jpg",300,225,true],"medium_large":["https:\/\/lestapies.fr\/wp-content\/uploads\/2023\/09\/IMG_1067-1-768x576.jpg",768,576,true],"large":["https:\/\/lestapies.fr\/wp-content\/uploads\/2023\/09\/IMG_1067-1-1024x768.jpg",950,713,true],"1536x1536":["https:\/\/lestapies.fr\/wp-content\/uploads\/2023\/09\/IMG_1067-1-1536x1152.jpg",1536,1152,true],"2048x2048":["https:\/\/lestapies.fr\/wp-content\/uploads\/2023\/09\/IMG_1067-1-2048x1536.jpg",2048,1536,true],"inspiro-featured-image":["https:\/\/lestapies.fr\/wp-content\/uploads\/2023\/09\/IMG_1067-1-2000x1500.jpg",2000,1500,true],"inspiro-loop":["https:\/\/lestapies.fr\/wp-content\/uploads\/2023\/09\/IMG_1067-1-950x320.jpg",950,320,true],"inspiro-loop@2x":["https:\/\/lestapies.fr\/wp-content\/uploads\/2023\/09\/IMG_1067-1-1900x640.jpg",1900,640,true],"portfolio_item-thumbnail":["https:\/\/lestapies.fr\/wp-content\/uploads\/2023\/09\/IMG_1067-1-600x400.jpg",600,400,true],"portfolio_item-thumbnail@2x":["https:\/\/lestapies.fr\/wp-content\/uploads\/2023\/09\/IMG_1067-1-1200x800.jpg",1200,800,true],"portfolio_item-masonry":["https:\/\/lestapies.fr\/wp-content\/uploads\/2023\/09\/IMG_1067-1-600x450.jpg",600,450,true],"portfolio_item-masonry@2x":["https:\/\/lestapies.fr\/wp-content\/uploads\/2023\/09\/IMG_1067-1-1200x900.jpg",1200,900,true],"portfolio_item-thumbnail_cinema":["https:\/\/lestapies.fr\/wp-content\/uploads\/2023\/09\/IMG_1067-1-800x335.jpg",800,335,true],"portfolio_item-thumbnail_portrait":["https:\/\/lestapies.fr\/wp-content\/uploads\/2023\/09\/IMG_1067-1-600x900.jpg",600,900,true],"portfolio_item-thumbnail_portrait@2x":["https:\/\/lestapies.fr\/wp-content\/uploads\/2023\/09\/IMG_1067-1-1200x1800.jpg",1200,1800,true],"portfolio_item-thumbnail_square":["https:\/\/lestapies.fr\/wp-content\/uploads\/2023\/09\/IMG_1067-1-800x800.jpg",800,800,true]},"_links":{"self":[{"href":"https:\/\/lestapies.fr\/index.php\/wp-json\/wp\/v2\/pages\/292","targetHints":{"allow":["GET"]}}],"collection":[{"href":"https:\/\/lestapies.fr\/index.php\/wp-json\/wp\/v2\/pages"}],"about":[{"href":"https:\/\/lestapies.fr\/index.php\/wp-json\/wp\/v2\/types\/page"}],"author":[{"embeddable":true,"href":"https:\/\/lestapies.fr\/index.php\/wp-json\/wp\/v2\/users\/1"}],"replies":[{"embeddable":true,"href":"https:\/\/lestapies.fr\/index.php\/wp-json\/wp\/v2\/comments?post=292"}],"version-history":[{"count":7,"href":"https:\/\/lestapies.fr\/index.php\/wp-json\/wp\/v2\/pages\/292\/revisions"}],"predecessor-version":[{"id":323,"href":"https:\/\/lestapies.fr\/index.php\/wp-json\/wp\/v2\/pages\/292\/revisions\/323"}],"wp:featuredmedia":[{"embeddable":true,"href":"https:\/\/lestapies.fr\/index.php\/wp-json\/wp\/v2\/media\/68"}],"wp:attachment":[{"href":"https:\/\/lestapies.fr\/index.php\/wp-json\/wp\/v2\/media?parent=292"}],"curies":[{"name":"wp","href":"https:\/\/api.w.org\/{rel}","templated":true}]}}